{"id":126,"date":"2015-12-18T10:16:59","date_gmt":"2015-12-18T10:16:59","guid":{"rendered":"https:\/\/www.trovavolantini.it\/blog\/?page_id=126"},"modified":"2015-12-18T10:16:59","modified_gmt":"2015-12-18T10:16:59","slug":"campagna-io-sfoglio-su-trovavolantini","status":"publish","type":"page","link":"https:\/\/www.trovavolantini.it\/blog\/campagna-io-sfoglio-su-trovavolantini\/","title":{"rendered":"Campagna &#8220;Io sfoglio su Trovavolantini&#8221;"},"content":{"rendered":"<p><img loading=\"lazy\" decoding=\"async\" class=\"aligncenter size-full wp-image-153\" src=\"https:\/\/www.trovavolantini.it\/blog\/wp-content\/uploads\/2015\/12\/151214-intestazione-io-sfoglio-su-trovavolantini.png\" alt=\"151214-intestazione-io-sfoglio-su-trovavolantini\" width=\"1569\" height=\"360\" \/><\/p>\n<p><strong>&#8220;Io sfoglio su trovavolantini.it&#8221;<\/strong> \u00e8 un&#8217;iniziativa che si pone come obiettivo contribuire ad\u00a0un ambiente migliore.<\/p>\n<p>Con questa iniziativa vogliamo coinvolgere tutti coloro che sono<strong> stufi di avere la cassetta postale intasata di pubblicit\u00e0<\/strong> di ogni tipo (senza averla richiesta) e tutti quelli che desiderano un <strong>ambiente migliore<\/strong>.<!--more--><\/p>\n<p>Vi invitiamo ad essere portavoce di questo messaggio: <strong>utilizzare il volantino elettronico<\/strong> al posto di quello cartaceo. In questo modo contribuirete alla<strong> riduzione dell&#8217;uso di carta<\/strong>\u00a0oltre che al<strong> decoro urbano<\/strong> del luogo in cui viviamo: la pubblicit\u00e0 lasciata nella cassette postali \u00e8 antiestetica e spesso dalla cassetta postale questa carta finisce sul suolo pubblico, rendendo il contesto ancora pi\u00f9 sgradevole.<img loading=\"lazy\" decoding=\"async\" class=\"aligncenter size-full wp-image-139\" src=\"https:\/\/www.trovavolantini.it\/blog\/wp-content\/uploads\/2015\/12\/confronto-cassetta-postale.jpg\" alt=\"confronto-cassetta-postale\" width=\"580\" height=\"276\" \/><\/p>\n<p>Tale gesto avr\u00e0 un enorme valore! Da un lato contribuirete alla riduzione delle emissioni di Co2 attraverso la sopravvivenza di pi\u00f9 alberi; dall&#8217;altro, con il vostro gesto assumer\u00e0 ancora pi\u00f9 visibilit\u00e0 <strong><a href=\"https:\/\/www.facebook.com\/Trovavolantini\/\" target=\"_blank\" rel=\"noopener\">TV4tree<\/a><\/strong>, l&#8217;altra iniziativa di <strong>trovavolantini.it<\/strong>, con la quale ci impegniamo a piantare un albero ogni mese e un albero ad ogni obiettivo &#8220;Mi Piace&#8221; raggiunto: al momento l&#8217;obiettivo \u00e8 3.000 mi piace! Diffondere questo messaggio ci aiuter\u00e0 a raggiungerlo pi\u00f9 velocemente e altrettanto pi\u00f9 rapidamente potremmo stabilire nuovi obiettivi da raggiungere e superare.<br \/>\n<strong>Piantare un albero<\/strong> non ha solo una valenza ambientale ma anche sociale ed economica: l&#8217;albero \u00e8 per chi lo pianta l&#8217;inizio di un lavoro, uno strumento per produrre cibo per s\u00e9 e i propri cari oltre che il modo per migliorare l&#8217;habitat in cui vive.<\/p>\n<p>Se quindi credete e volete un ambiente migliore, contribuite alla divulgazione di questo messaggio scaricando e applicando sulla vostra cassetta postale l&#8217;adesivo <strong>&#8220;No Pubblicit\u00e0, grazie. Io sfoglio su Trovavolantini.it&#8221;<\/strong> da scegliere tra 3 diversi formati: tondo (diametro 15cm), quadrato (10x10cm) e rettangolare (21x6cm)<\/p>\n<p><a href=\"https:\/\/www.trovavolantini.it\/blog\/wp-content\/uploads\/2015\/12\/cartello-io-sfoglio-cerchio.pdf\" target=\"_blank\" rel=\"noopener\"><img loading=\"lazy\" decoding=\"async\" class=\"alignleft size-full wp-image-163\" src=\"https:\/\/www.trovavolantini.it\/blog\/wp-content\/uploads\/2015\/12\/cartello-io-sfoglio-su-cerchio-15-col.jpg\" alt=\"cartello-io-sfoglio-su-cerchio-15-col\" width=\"150\" height=\"150\" \/><\/a><br \/>\n<strong>No Pubblicit\u00e0, grazie.<br \/>\nIo sfoglio su Trovavolantini.it<br \/>\n<\/strong>Formato tondo 15x15cm<br \/>\n<strong> <a href=\"https:\/\/www.trovavolantini.it\/blog\/wp-content\/uploads\/2015\/12\/cartello-io-sfoglio-cerchio.pdf\" target=\"_blank\" rel=\"noopener\">Stampa etichetta (pdf)<\/a><\/strong><\/p>\n<p>&nbsp;<\/p>\n<p><a title=\"Etichetta Io sfoglio quadrata\" href=\"https:\/\/www.trovavolantini.it\/blog\/wp-content\/uploads\/2015\/12\/cartello-io-sfoglio-10x10.pdf\" target=\"_blank\" rel=\"noopener\"><img loading=\"lazy\" decoding=\"async\" class=\"alignleft size-full wp-image-138\" src=\"https:\/\/www.trovavolantini.it\/blog\/wp-content\/uploads\/2015\/12\/cartello-cassetta-postale-TONDO21.jpg\" alt=\"cartello-cassetta-postale-TONDO21\" width=\"154\" height=\"150\" \/><\/a><\/p>\n<p>&nbsp;<\/p>\n<p><strong>No Pubblicit\u00e0, grazie.<\/strong><br \/>\n<strong> Io sfoglio su Trovavolantini.it<\/strong><br \/>\nFormato quadrato\u00a010x10cm<br \/>\n<strong><a href=\"https:\/\/www.trovavolantini.it\/blog\/wp-content\/uploads\/2015\/12\/cartello-io-sfoglio-10x10.pdf\" target=\"_blank\" rel=\"noopener\">Stampa etichetta<\/a><\/strong><\/p>\n<div style=\"clear: both;\"><a title=\"Etichetta rettangolare Io sfoglio\" href=\"https:\/\/www.trovavolantini.it\/blog\/wp-content\/uploads\/2015\/12\/cartello-io-sfoglio-su-rettangolo.pdf\" target=\"_blank\" rel=\"noopener\"><img loading=\"lazy\" decoding=\"async\" class=\"alignleft size-full wp-image-164\" src=\"https:\/\/www.trovavolantini.it\/blog\/wp-content\/uploads\/2015\/12\/cartello-io-sfoglio-su-rettangolo-21-col.png\" alt=\"cartello-io-sfoglio-su-rettangolo-21-col\" width=\"300\" height=\"99\" \/><\/a><strong>No Pubblicit\u00e0, grazie.<br \/>\nIo sfoglio su Trovavolantini.it<br \/>\n<\/strong>Formato rettangolare21x6cm<br \/>\n<strong><a href=\"https:\/\/www.trovavolantini.it\/blog\/wp-content\/uploads\/2015\/12\/cartello-io-sfoglio-su-rettangolo.pdf\" target=\"_blank\" rel=\"noopener\">Stampa etichetta (pdf)<\/a><\/strong><\/div>\n<div style=\"clear: both;\"><strong>\u00a0<\/strong><\/div>\n<p>Appena applicato, inviateci una foto del vostro &#8220;contributo all&#8217;ambiente&#8221;, saremo lieti di pubblicarla sulla nostra <strong><a href=\"https:\/\/www.facebook.com\/Trovavolantini\/\" target=\"_blank\" rel=\"noopener\">pagina Facebook<\/a><\/strong>!<\/p>\n<p>Se apprezzi il nostro lavoro e il nostro amore per l&#8217;ambiente, metti <strong><a href=\"https:\/\/www.facebook.com\/Trovavolantini\/\" target=\"_blank\" rel=\"noopener\">mi piace<\/a>.<\/strong><\/p>\n<p><strong>Grazie da trovavolantini.it<\/strong><\/p>\n","protected":false},"excerpt":{"rendered":"<p>&#8220;Io sfoglio su trovavolantini.it&#8221; \u00e8 un&#8217;iniziativa che si pone come obiettivo contribuire ad\u00a0un ambiente migliore. Con questa iniziativa vogliamo coinvolgere tutti coloro che sono stufi di avere la cassetta postale intasata di pubblicit\u00e0 di ogni tipo (senza averla richiesta) e tutti quelli che desiderano un ambiente migliore.<\/p>\n","protected":false},"author":2,"featured_media":0,"parent":0,"menu_order":0,"comment_status":"closed","ping_status":"closed","template":"","meta":{"footnotes":""},"class_list":["post-126","page","type-page","status-publish","hentry"],"blocksy_meta":[],"_links":{"self":[{"href":"https:\/\/www.trovavolantini.it\/blog\/wp-json\/wp\/v2\/pages\/126","targetHints":{"allow":["GET"]}}],"collection":[{"href":"https:\/\/www.trovavolantini.it\/blog\/wp-json\/wp\/v2\/pages"}],"about":[{"href":"https:\/\/www.trovavolantini.it\/blog\/wp-json\/wp\/v2\/types\/page"}],"author":[{"embeddable":true,"href":"https:\/\/www.trovavolantini.it\/blog\/wp-json\/wp\/v2\/users\/2"}],"replies":[{"embeddable":true,"href":"https:\/\/www.trovavolantini.it\/blog\/wp-json\/wp\/v2\/comments?post=126"}],"version-history":[{"count":0,"href":"https:\/\/www.trovavolantini.it\/blog\/wp-json\/wp\/v2\/pages\/126\/revisions"}],"wp:attachment":[{"href":"https:\/\/www.trovavolantini.it\/blog\/wp-json\/wp\/v2\/media?parent=126"}],"curies":[{"name":"wp","href":"https:\/\/api.w.org\/{rel}","templated":true}]}}